{"id":742,"date":"2025-08-24T14:38:57","date_gmt":"2025-08-24T12:38:57","guid":{"rendered":"http:\/\/localhost:1234\/?page_id=742"},"modified":"2025-09-16T17:17:13","modified_gmt":"2025-09-16T15:17:13","slug":"formularz-kontaktowy","status":"publish","type":"page","link":"https:\/\/q-prospect.pl\/?page_id=742","title":{"rendered":"Formularz kontaktowy"},"content":{"rendered":"<div class=\"wpb-content-wrapper\"><p>[vc_row full_width=&#8221;stretch_row&#8221;][vc_column width=&#8221;1\/5&#8243;][vc_single_image image=&#8221;693&#8243; css=&#8221;.vc_custom_1757076350825{margin-top: 30px !important;margin-left: 85px !important;padding-bottom: 55px !important;}&#8221;][\/vc_column][vc_column width=&#8221;4\/5&#8243;][\/vc_column][\/vc_row][vc_row][vc_column width=&#8221;5\/6&#8243;][vc_column_text css=&#8221;.vc_custom_1757076371365{margin-top: -30px !important;padding-left: 40px !important;}&#8221;]<strong><p><\/strong><\/p>\n<p style=\"text-align: left;\"><span style=\"font-size: 30px;\"><strong>Formularz kontaktowy<\/strong><\/span><\/p>\n<p>[\/vc_column_text][\/vc_column][vc_column width=&#8221;1\/6&#8243;][\/vc_column][\/vc_row][vc_row css=&#8221;.vc_custom_1757076481146{margin-top: -80px !important;}&#8221;][vc_column]<style id=\"wpforms-css-vars-744\">\n\t\t\t\t#wpforms-744 {\n\t\t\t\t--wpforms-field-border-size: 3px;\n--wpforms-field-border-radius: 15px;\n--wpforms-field-background-color: #000000;\n--wpforms-field-border-color: #1f1f1f;\n--wpforms-field-border-color-spare: #1f1f1f;\n--wpforms-field-text-color: #ffffff;\n--wpforms-label-color: #ffffff;\n--wpforms-label-sublabel-color: rgba(0, 0, 0, 0.55);\n--wpforms-label-error-color: #511254;\n--wpforms-button-background-color: #8d1a81;\n--wpforms-container-padding: 40px;\n--wpforms-container-border-width: 0px;\n--wpforms-container-border-radius: 15px;\n--wpforms-background-color: ;\n--wpforms-field-size-input-height: 43px;\n--wpforms-field-size-input-spacing: 15px;\n--wpforms-field-size-font-size: 16px;\n--wpforms-field-size-line-height: 19px;\n--wpforms-field-size-padding-h: 14px;\n--wpforms-field-size-checkbox-size: 16px;\n--wpforms-field-size-sublabel-spacing: 5px;\n--wpforms-field-size-icon-size: 1;\n--wpforms-label-size-font-size: 16px;\n--wpforms-label-size-line-height: 19px;\n--wpforms-label-size-sublabel-font-size: 14px;\n--wpforms-label-size-sublabel-line-height: 17px;\n--wpforms-button-size-font-size: 17px;\n--wpforms-button-size-height: 41px;\n--wpforms-button-size-padding-h: 15px;\n--wpforms-button-size-margin-top: 10px;\n--wpforms-container-shadow-size-box-shadow: 0px 30px 50px -10px rgba(0, 0, 0, 0.15);\n\n\t\t\t}\n\t\t\t<\/style><div class=\"wpforms-container wpforms-container-full wpforms-render-modern\" id=\"wpforms-744\"><form id=\"wpforms-form-744\" class=\"wpforms-validate wpforms-form wpforms-ajax-form\" data-formid=\"744\" method=\"post\" enctype=\"multipart\/form-data\" action=\"\/index.php?rest_route=%2Fwp%2Fv2%2Fpages%2F742\" data-token=\"48642a422843653e669f7bed4e0f2a3e\" data-token-time=\"1778441618\"><noscript class=\"wpforms-error-noscript\">Aby wype\u0142ni\u0107 ten formularz, w\u0142\u0105cz obs\u0142ug\u0119 JavaScript w przegl\u0105darce.<\/noscript><div id=\"wpforms-error-noscript\" style=\"display: none;\">Aby wype\u0142ni\u0107 ten formularz, w\u0142\u0105cz obs\u0142ug\u0119 JavaScript w przegl\u0105darce.<\/div><div class=\"wpforms-field-container\"><div id=\"wpforms-744-field_1-container\" class=\"wpforms-field wpforms-field-name\" data-field-id=\"1\"><fieldset><legend class=\"wpforms-field-label\">Imi\u0119 i nazwisko <span class=\"wpforms-required-label\" aria-hidden=\"true\">*<\/span><\/legend><div class=\"wpforms-field-row wpforms-field-medium\"><div class=\"wpforms-field-row-block wpforms-first wpforms-one-half\"><input type=\"text\" id=\"wpforms-744-field_1\" class=\"wpforms-field-name-first wpforms-field-required\" name=\"wpforms[fields][1][first]\" aria-errormessage=\"wpforms-744-field_1-error\" required><label for=\"wpforms-744-field_1\" class=\"wpforms-field-sublabel after\">Pierwszy<\/label><\/div><div class=\"wpforms-field-row-block wpforms-one-half\"><input type=\"text\" id=\"wpforms-744-field_1-last\" class=\"wpforms-field-name-last wpforms-field-required\" name=\"wpforms[fields][1][last]\" aria-errormessage=\"wpforms-744-field_1-last-error\" required><label for=\"wpforms-744-field_1-last\" class=\"wpforms-field-sublabel after\">Ostatni<\/label><\/div><\/div><\/fieldset><\/div><div id=\"wpforms-744-field_4-container\" class=\"wpforms-field wpforms-field-text\" data-field-id=\"4\"><label class=\"wpforms-field-label\" for=\"wpforms-744-field_4\">Numer telefonu<\/label><input type=\"text\" id=\"wpforms-744-field_4\" class=\"wpforms-field-medium\" name=\"wpforms[fields][4]\" aria-errormessage=\"wpforms-744-field_4-error\" ><\/div><div id=\"wpforms-744-field_2-container\" class=\"wpforms-field wpforms-field-email\" data-field-id=\"2\"><label class=\"wpforms-field-label\" for=\"wpforms-744-field_2\">Adres e-mail <span class=\"wpforms-required-label\" aria-hidden=\"true\">*<\/span><\/label><input type=\"email\" id=\"wpforms-744-field_2\" class=\"wpforms-field-medium wpforms-field-required\" name=\"wpforms[fields][2]\" spellcheck=\"false\" aria-errormessage=\"wpforms-744-field_2-error\" required><\/div><div id=\"wpforms-744-field_3-container\" class=\"wpforms-field wpforms-field-textarea\" data-field-id=\"3\"><label class=\"wpforms-field-label\" for=\"wpforms-744-field_3\">Wiadomo\u015b\u0107<\/label><textarea id=\"wpforms-744-field_3\" class=\"wpforms-field-medium\" name=\"wpforms[fields][3]\" aria-errormessage=\"wpforms-744-field_3-error\" ><\/textarea><\/div><div id=\"wpforms-744-field_5-container\" class=\"wpforms-field wpforms-field-checkbox\" data-field-id=\"5\"><fieldset><legend class=\"wpforms-field-label\"> <span class=\"wpforms-required-label\" aria-hidden=\"true\">*<\/span><\/legend><ul id=\"wpforms-744-field_5\" class=\"wpforms-field-required\"><li class=\"choice-1 depth-1\"><input type=\"checkbox\" id=\"wpforms-744-field_5_1\" name=\"wpforms[fields][5][]\" value=\"Wyra\u017cam zgod\u0119 na gromadzenie i przetwarzanie moich danych osobowych przez Administratora, firm\u0119 Q-Prospect z siedzib\u0105 w Poznaniu przy ul. Osiedle W\u0142adys\u0142awa Jagie\u0142\u0142y 13\/4, 60-694, pos\u0142uguj\u0105cej si\u0119 numerem NIP: 5242606252 w celu kontaktu oraz odpowiedzi na moje zapytanie.\" aria-errormessage=\"wpforms-744-field_5_1-error\" required ><label class=\"wpforms-field-label-inline\" for=\"wpforms-744-field_5_1\">Wyra\u017cam zgod\u0119 na gromadzenie i przetwarzanie moich danych osobowych przez Administratora, firm\u0119 Q-Prospect z siedzib\u0105 w Poznaniu przy ul. Osiedle W\u0142adys\u0142awa Jagie\u0142\u0142y 13\/4, 60-694, pos\u0142uguj\u0105cej si\u0119 numerem NIP: 5242606252 w celu kontaktu oraz odpowiedzi na moje zapytanie.<\/label><\/li><\/ul><\/fieldset><\/div>\t\t<div id=\"wpforms-744-field_7-container\"\n\t\t\tclass=\"wpforms-field wpforms-field-text\"\n\t\t\tdata-field-type=\"text\"\n\t\t\tdata-field-id=\"7\"\n\t\t\t>\n\t\t\t<label class=\"wpforms-field-label\" for=\"wpforms-744-field_7\" >Imi\u0119 i Numer<\/label>\n\t\t\t<input type=\"text\" id=\"wpforms-744-field_7\" class=\"wpforms-field-medium\" name=\"wpforms[fields][7]\" >\n\t\t<\/div>\n\t\t<div id=\"wpforms-744-field_6-container\" class=\"wpforms-field wpforms-field-checkbox\" data-field-id=\"6\"><fieldset><legend class=\"wpforms-field-label\"><\/legend><ul id=\"wpforms-744-field_6\"><li class=\"choice-1 depth-1\"><input type=\"checkbox\" id=\"wpforms-744-field_6_1\" name=\"wpforms[fields][6][]\" value=\"Wyra\u017cam zgod\u0119 na dostarczanie informacji handlowych i marketingowych dotycz\u0105cych towar\u00f3w oraz us\u0142ug oferowanych przez firm\u0119 Q-Prospect za pomoc\u0105 \u015brodk\u00f3w komunikacji elektronicznej. Jestem \u015bwiadomy\/a, \u017ce zgod\u0119 mog\u0119 wycofa\u0107 w ka\u017cdej chwili.\" aria-errormessage=\"wpforms-744-field_6_1-error\"  ><label class=\"wpforms-field-label-inline\" for=\"wpforms-744-field_6_1\">Wyra\u017cam zgod\u0119 na dostarczanie informacji handlowych i marketingowych dotycz\u0105cych towar\u00f3w oraz us\u0142ug oferowanych przez firm\u0119 Q-Prospect za pomoc\u0105 \u015brodk\u00f3w komunikacji elektronicznej. Jestem \u015bwiadomy\/a, \u017ce zgod\u0119 mog\u0119 wycofa\u0107 w ka\u017cdej chwili.<\/label><\/li><\/ul><\/fieldset><\/div><script>\n\t\t\t\t( function() {\n\t\t\t\t\tconst style = document.createElement( 'style' );\n\t\t\t\t\tstyle.appendChild( document.createTextNode( '#wpforms-744-field_7-container { position: absolute !important; overflow: hidden !important; display: inline !important; height: 1px !important; width: 1px !important; z-index: -1000 !important; padding: 0 !important; } #wpforms-744-field_7-container input { visibility: hidden; } #wpforms-conversational-form-page #wpforms-744-field_7-container label { counter-increment: none; }' ) );\n\t\t\t\t\tdocument.head.appendChild( style );\n\t\t\t\t\tdocument.currentScript?.remove();\n\t\t\t\t} )();\n\t\t\t<\/script><\/div><!-- .wpforms-field-container --><div class=\"wpforms-submit-container\" ><input type=\"hidden\" name=\"wpforms[id]\" value=\"744\"><input type=\"hidden\" name=\"page_title\" value=\"\"><input type=\"hidden\" name=\"page_url\" value=\"https:\/\/q-prospect.pl\/index.php?rest_route=\/wp\/v2\/pages\/742\"><input type=\"hidden\" name=\"url_referer\" value=\"\"><button type=\"submit\" name=\"wpforms[submit]\" id=\"wpforms-submit-744\" class=\"wpforms-submit\" data-alt-text=\"Wysy\u0142anie...\" data-submit-text=\"Prze\u015blij\" aria-live=\"assertive\" value=\"wpforms-submit\">Prze\u015blij<\/button><img loading=\"lazy\" decoding=\"async\" src=\"https:\/\/q-prospect.pl\/wp-content\/plugins\/wpforms-lite\/assets\/images\/submit-spin.svg\" class=\"wpforms-submit-spinner\" style=\"display: none;\" width=\"26\" height=\"26\" alt=\"Wczytywanie\"><\/div><\/form><\/div>  <!-- .wpforms-container -->[\/vc_column][\/vc_row]<\/p>\n<\/div>","protected":false},"excerpt":{"rendered":"<p>[vc_row full_width=&#8221;stretch_row&#8221;][vc_column width=&#8221;1\/5&#8243;][vc_single_image image=&#8221;693&#8243; css=&#8221;.vc_custom_1757076350825{margin-top: 30px !important;margin-left: 85px !important;padding-bottom: 55px !important;}&#8221;][\/vc_column][vc_column width=&#8221;4\/5&#8243;][\/vc_column][\/vc_row][vc_row][vc_column width=&#8221;5\/6&#8243;][vc_column_text css=&#8221;.vc_custom_1757076371365{margin-top: -30px !important;padding-left: 40px !important;}&#8221;]<\/p>\n","protected":false},"author":1,"featured_media":0,"parent":0,"menu_order":0,"comment_status":"closed","ping_status":"closed","template":"templates\/landing.php","meta":{"footnotes":""},"class_list":["post-742","page","type-page","status-publish","hentry","entry"],"yoast_head":"<!-- This site is optimized with the Yoast SEO plugin v24.8.1 - https:\/\/yoast.com\/wordpress\/plugins\/seo\/ -->\n<title>Formularz kontaktowy - Q-Prospect<\/title>\n<meta name=\"robots\" content=\"index, follow, max-snippet:-1, max-image-preview:large, max-video-preview:-1\" \/>\n<link rel=\"canonical\" href=\"https:\/\/q-prospect.pl\/?page_id=742\" \/>\n<meta property=\"og:locale\" content=\"pl_PL\" \/>\n<meta property=\"og:type\" content=\"article\" \/>\n<meta property=\"og:title\" content=\"Formularz kontaktowy - Q-Prospect\" \/>\n<meta property=\"og:description\" content=\"[vc_row full_width=&#8221;stretch_row&#8221;][vc_column width=&#8221;1\/5&#8243;][vc_single_image image=&#8221;693&#8243; css=&#8221;.vc_custom_1757076350825{margin-top: 30px !important;margin-left: 85px !important;padding-bottom: 55px !important;}&#8221;][\/vc_column][vc_column width=&#8221;4\/5&#8243;][\/vc_column][\/vc_row][vc_row][vc_column width=&#8221;5\/6&#8243;][vc_column_text css=&#8221;.vc_custom_1757076371365{margin-top: -30px !important;padding-left: 40px !important;}&#8221;]\" \/>\n<meta property=\"og:url\" content=\"https:\/\/q-prospect.pl\/?page_id=742\" \/>\n<meta property=\"og:site_name\" content=\"Q-Prospect\" \/>\n<meta property=\"article:modified_time\" content=\"2025-09-16T15:17:13+00:00\" \/>\n<meta name=\"twitter:card\" content=\"summary_large_image\" \/>\n<meta name=\"twitter:label1\" content=\"Szacowany czas czytania\" \/>\n\t<meta name=\"twitter:data1\" content=\"1 minuta\" \/>\n<script type=\"application\/ld+json\" class=\"yoast-schema-graph\">{\"@context\":\"https:\/\/schema.org\",\"@graph\":[{\"@type\":\"WebPage\",\"@id\":\"https:\/\/q-prospect.pl\/?page_id=742\",\"url\":\"https:\/\/q-prospect.pl\/?page_id=742\",\"name\":\"Formularz kontaktowy - Q-Prospect\",\"isPartOf\":{\"@id\":\"https:\/\/q-prospect.pl\/#website\"},\"datePublished\":\"2025-08-24T12:38:57+00:00\",\"dateModified\":\"2025-09-16T15:17:13+00:00\",\"breadcrumb\":{\"@id\":\"https:\/\/q-prospect.pl\/?page_id=742#breadcrumb\"},\"inLanguage\":\"pl-PL\",\"potentialAction\":[{\"@type\":\"ReadAction\",\"target\":[\"https:\/\/q-prospect.pl\/?page_id=742\"]}]},{\"@type\":\"BreadcrumbList\",\"@id\":\"https:\/\/q-prospect.pl\/?page_id=742#breadcrumb\",\"itemListElement\":[{\"@type\":\"ListItem\",\"position\":1,\"name\":\"Strona g\u0142\u00f3wna\",\"item\":\"https:\/\/q-prospect.pl\/\"},{\"@type\":\"ListItem\",\"position\":2,\"name\":\"Formularz kontaktowy\"}]},{\"@type\":\"WebSite\",\"@id\":\"https:\/\/q-prospect.pl\/#website\",\"url\":\"https:\/\/q-prospect.pl\/\",\"name\":\"Q-Prospect\",\"description\":\"Zintegrowane podej\u015bcie do pozyskiwania lead\u00f3w B2B\",\"potentialAction\":[{\"@type\":\"SearchAction\",\"target\":{\"@type\":\"EntryPoint\",\"urlTemplate\":\"https:\/\/q-prospect.pl\/?s={search_term_string}\"},\"query-input\":{\"@type\":\"PropertyValueSpecification\",\"valueRequired\":true,\"valueName\":\"search_term_string\"}}],\"inLanguage\":\"pl-PL\"}]}<\/script>\n<!-- \/ Yoast SEO plugin. -->","yoast_head_json":{"title":"Formularz kontaktowy - Q-Prospect","robots":{"index":"index","follow":"follow","max-snippet":"max-snippet:-1","max-image-preview":"max-image-preview:large","max-video-preview":"max-video-preview:-1"},"canonical":"https:\/\/q-prospect.pl\/?page_id=742","og_locale":"pl_PL","og_type":"article","og_title":"Formularz kontaktowy - Q-Prospect","og_description":"[vc_row full_width=&#8221;stretch_row&#8221;][vc_column width=&#8221;1\/5&#8243;][vc_single_image image=&#8221;693&#8243; css=&#8221;.vc_custom_1757076350825{margin-top: 30px !important;margin-left: 85px !important;padding-bottom: 55px !important;}&#8221;][\/vc_column][vc_column width=&#8221;4\/5&#8243;][\/vc_column][\/vc_row][vc_row][vc_column width=&#8221;5\/6&#8243;][vc_column_text css=&#8221;.vc_custom_1757076371365{margin-top: -30px !important;padding-left: 40px !important;}&#8221;]","og_url":"https:\/\/q-prospect.pl\/?page_id=742","og_site_name":"Q-Prospect","article_modified_time":"2025-09-16T15:17:13+00:00","twitter_card":"summary_large_image","twitter_misc":{"Szacowany czas czytania":"1 minuta"},"schema":{"@context":"https:\/\/schema.org","@graph":[{"@type":"WebPage","@id":"https:\/\/q-prospect.pl\/?page_id=742","url":"https:\/\/q-prospect.pl\/?page_id=742","name":"Formularz kontaktowy - Q-Prospect","isPartOf":{"@id":"https:\/\/q-prospect.pl\/#website"},"datePublished":"2025-08-24T12:38:57+00:00","dateModified":"2025-09-16T15:17:13+00:00","breadcrumb":{"@id":"https:\/\/q-prospect.pl\/?page_id=742#breadcrumb"},"inLanguage":"pl-PL","potentialAction":[{"@type":"ReadAction","target":["https:\/\/q-prospect.pl\/?page_id=742"]}]},{"@type":"BreadcrumbList","@id":"https:\/\/q-prospect.pl\/?page_id=742#breadcrumb","itemListElement":[{"@type":"ListItem","position":1,"name":"Strona g\u0142\u00f3wna","item":"https:\/\/q-prospect.pl\/"},{"@type":"ListItem","position":2,"name":"Formularz kontaktowy"}]},{"@type":"WebSite","@id":"https:\/\/q-prospect.pl\/#website","url":"https:\/\/q-prospect.pl\/","name":"Q-Prospect","description":"Zintegrowane podej\u015bcie do pozyskiwania lead\u00f3w B2B","potentialAction":[{"@type":"SearchAction","target":{"@type":"EntryPoint","urlTemplate":"https:\/\/q-prospect.pl\/?s={search_term_string}"},"query-input":{"@type":"PropertyValueSpecification","valueRequired":true,"valueName":"search_term_string"}}],"inLanguage":"pl-PL"}]}},"_links":{"self":[{"href":"https:\/\/q-prospect.pl\/index.php?rest_route=\/wp\/v2\/pages\/742","targetHints":{"allow":["GET"]}}],"collection":[{"href":"https:\/\/q-prospect.pl\/index.php?rest_route=\/wp\/v2\/pages"}],"about":[{"href":"https:\/\/q-prospect.pl\/index.php?rest_route=\/wp\/v2\/types\/page"}],"author":[{"embeddable":true,"href":"https:\/\/q-prospect.pl\/index.php?rest_route=\/wp\/v2\/users\/1"}],"replies":[{"embeddable":true,"href":"https:\/\/q-prospect.pl\/index.php?rest_route=%2Fwp%2Fv2%2Fcomments&post=742"}],"version-history":[{"count":23,"href":"https:\/\/q-prospect.pl\/index.php?rest_route=\/wp\/v2\/pages\/742\/revisions"}],"predecessor-version":[{"id":801,"href":"https:\/\/q-prospect.pl\/index.php?rest_route=\/wp\/v2\/pages\/742\/revisions\/801"}],"wp:attachment":[{"href":"https:\/\/q-prospect.pl\/index.php?rest_route=%2Fwp%2Fv2%2Fmedia&parent=742"}],"curies":[{"name":"wp","href":"https:\/\/api.w.org\/{rel}","templated":true}]}}